{"id":11,"date":"2016-11-21T14:52:55","date_gmt":"2016-11-21T13:52:55","guid":{"rendered":"http:\/\/localhost:8888\/canoe\/?page_id=11"},"modified":"2017-12-19T15:55:45","modified_gmt":"2017-12-19T14:55:45","slug":"collaborative-projects-advanced-composite-materials","status":"publish","type":"page","link":"https:\/\/plateforme-canoe.com\/en\/collaborative-projects-advanced-composite-materials\/","title":{"rendered":"Projects"},"content":{"rendered":"","protected":false},"excerpt":{"rendered":"","protected":false},"author":1,"featured_media":0,"parent":0,"menu_order":0,"comment_status":"closed","ping_status":"closed","template":"projets.php","meta":{"footnotes":""},"acf":[],"yoast_head":"<!-- This site is optimized with the Yoast SEO plugin v21.7 - https:\/\/yoast.com\/wordpress\/plugins\/seo\/ -->\n<title>Projets Coop\u00e9ratifs I Mat\u00e9riaux avanc\u00e9s et Composites I Plateforme CANOE<\/title>\n<meta name=\"description\" content=\"Partenaire privil\u00e9gi\u00e9 des PME et groupes industriels de Nouvelle Aquitaine, la plateforme CANOE participe \u00e9galement \u00e0 des projets d&#039;envergure nationale et europ\u00e9enne dans le domaine des mat\u00e9riaux avanc\u00e9s et composites.\" \/>\n<meta name=\"robots\" content=\"index, follow, max-snippet:-1, max-image-preview:large, max-video-preview:-1\" \/>\n<link rel=\"canonical\" href=\"https:\/\/plateforme-canoe.com\/en\/collaborative-projects-advanced-composite-materials\/\" \/>\n<meta property=\"og:locale\" content=\"fr_FR\" \/>\n<meta property=\"og:type\" content=\"article\" \/>\n<meta property=\"og:title\" content=\"Projets Coop\u00e9ratifs I Mat\u00e9riaux avanc\u00e9s et Composites I Plateforme CANOE\" \/>\n<meta property=\"og:description\" content=\"Partenaire privil\u00e9gi\u00e9 des PME et groupes industriels de Nouvelle Aquitaine, la plateforme CANOE participe \u00e9galement \u00e0 des projets d&#039;envergure nationale et europ\u00e9enne dans le domaine des mat\u00e9riaux avanc\u00e9s et composites.\" \/>\n<meta property=\"og:url\" content=\"https:\/\/plateforme-canoe.com\/en\/collaborative-projects-advanced-composite-materials\/\" \/>\n<meta property=\"og:site_name\" content=\"Plateforme Canoe EN\" \/>\n<meta property=\"article:modified_time\" content=\"2017-12-19T14:55:45+00:00\" \/>\n<meta name=\"twitter:card\" content=\"summary_large_image\" \/>\n<script type=\"application\/ld+json\" class=\"yoast-schema-graph\">{\"@context\":\"https:\/\/schema.org\",\"@graph\":[{\"@type\":\"WebPage\",\"@id\":\"https:\/\/plateforme-canoe.com\/en\/collaborative-projects-advanced-composite-materials\/\",\"url\":\"https:\/\/plateforme-canoe.com\/en\/collaborative-projects-advanced-composite-materials\/\",\"name\":\"Projets Coop\u00e9ratifs I Mat\u00e9riaux avanc\u00e9s et Composites I Plateforme CANOE\",\"isPartOf\":{\"@id\":\"https:\/\/plateforme-canoe.com\/en\/#website\"},\"datePublished\":\"2016-11-21T13:52:55+00:00\",\"dateModified\":\"2017-12-19T14:55:45+00:00\",\"description\":\"Partenaire privil\u00e9gi\u00e9 des PME et groupes industriels de Nouvelle Aquitaine, la plateforme CANOE participe \u00e9galement \u00e0 des projets d'envergure nationale et europ\u00e9enne dans le domaine des mat\u00e9riaux avanc\u00e9s et composites.\",\"breadcrumb\":{\"@id\":\"https:\/\/plateforme-canoe.com\/en\/collaborative-projects-advanced-composite-materials\/#breadcrumb\"},\"inLanguage\":\"fr-FR\",\"potentialAction\":[{\"@type\":\"ReadAction\",\"target\":[\"https:\/\/plateforme-canoe.com\/en\/collaborative-projects-advanced-composite-materials\/\"]}]},{\"@type\":\"BreadcrumbList\",\"@id\":\"https:\/\/plateforme-canoe.com\/en\/collaborative-projects-advanced-composite-materials\/#breadcrumb\",\"itemListElement\":[{\"@type\":\"ListItem\",\"position\":1,\"name\":\"Accueil\",\"item\":\"https:\/\/plateforme-canoe.com\/en\/\"},{\"@type\":\"ListItem\",\"position\":2,\"name\":\"Projects\"}]},{\"@type\":\"WebSite\",\"@id\":\"https:\/\/plateforme-canoe.com\/en\/#website\",\"url\":\"https:\/\/plateforme-canoe.com\/en\/\",\"name\":\"Plateforme Canoe EN\",\"description\":\"Centre R&amp;D Composites &amp; Mat\u00e9riaux Avanc\u00e9s\",\"potentialAction\":[{\"@type\":\"SearchAction\",\"target\":{\"@type\":\"EntryPoint\",\"urlTemplate\":\"https:\/\/plateforme-canoe.com\/en\/?s={search_term_string}\"},\"query-input\":\"required name=search_term_string\"}],\"inLanguage\":\"fr-FR\"}]}<\/script>\n<!-- \/ Yoast SEO plugin. -->","yoast_head_json":{"title":"Projets Coop\u00e9ratifs I Mat\u00e9riaux avanc\u00e9s et Composites I Plateforme CANOE","description":"Partenaire privil\u00e9gi\u00e9 des PME et groupes industriels de Nouvelle Aquitaine, la plateforme CANOE participe \u00e9galement \u00e0 des projets d'envergure nationale et europ\u00e9enne dans le domaine des mat\u00e9riaux avanc\u00e9s et composites.","robots":{"index":"index","follow":"follow","max-snippet":"max-snippet:-1","max-image-preview":"max-image-preview:large","max-video-preview":"max-video-preview:-1"},"canonical":"https:\/\/plateforme-canoe.com\/en\/collaborative-projects-advanced-composite-materials\/","og_locale":"fr_FR","og_type":"article","og_title":"Projets Coop\u00e9ratifs I Mat\u00e9riaux avanc\u00e9s et Composites I Plateforme CANOE","og_description":"Partenaire privil\u00e9gi\u00e9 des PME et groupes industriels de Nouvelle Aquitaine, la plateforme CANOE participe \u00e9galement \u00e0 des projets d'envergure nationale et europ\u00e9enne dans le domaine des mat\u00e9riaux avanc\u00e9s et composites.","og_url":"https:\/\/plateforme-canoe.com\/en\/collaborative-projects-advanced-composite-materials\/","og_site_name":"Plateforme Canoe EN","article_modified_time":"2017-12-19T14:55:45+00:00","twitter_card":"summary_large_image","schema":{"@context":"https:\/\/schema.org","@graph":[{"@type":"WebPage","@id":"https:\/\/plateforme-canoe.com\/en\/collaborative-projects-advanced-composite-materials\/","url":"https:\/\/plateforme-canoe.com\/en\/collaborative-projects-advanced-composite-materials\/","name":"Projets Coop\u00e9ratifs I Mat\u00e9riaux avanc\u00e9s et Composites I Plateforme CANOE","isPartOf":{"@id":"https:\/\/plateforme-canoe.com\/en\/#website"},"datePublished":"2016-11-21T13:52:55+00:00","dateModified":"2017-12-19T14:55:45+00:00","description":"Partenaire privil\u00e9gi\u00e9 des PME et groupes industriels de Nouvelle Aquitaine, la plateforme CANOE participe \u00e9galement \u00e0 des projets d'envergure nationale et europ\u00e9enne dans le domaine des mat\u00e9riaux avanc\u00e9s et composites.","breadcrumb":{"@id":"https:\/\/plateforme-canoe.com\/en\/collaborative-projects-advanced-composite-materials\/#breadcrumb"},"inLanguage":"fr-FR","potentialAction":[{"@type":"ReadAction","target":["https:\/\/plateforme-canoe.com\/en\/collaborative-projects-advanced-composite-materials\/"]}]},{"@type":"BreadcrumbList","@id":"https:\/\/plateforme-canoe.com\/en\/collaborative-projects-advanced-composite-materials\/#breadcrumb","itemListElement":[{"@type":"ListItem","position":1,"name":"Accueil","item":"https:\/\/plateforme-canoe.com\/en\/"},{"@type":"ListItem","position":2,"name":"Projects"}]},{"@type":"WebSite","@id":"https:\/\/plateforme-canoe.com\/en\/#website","url":"https:\/\/plateforme-canoe.com\/en\/","name":"Plateforme Canoe EN","description":"Centre R&amp;D Composites &amp; Mat\u00e9riaux Avanc\u00e9s","potentialAction":[{"@type":"SearchAction","target":{"@type":"EntryPoint","urlTemplate":"https:\/\/plateforme-canoe.com\/en\/?s={search_term_string}"},"query-input":"required name=search_term_string"}],"inLanguage":"fr-FR"}]}},"_links":{"self":[{"href":"https:\/\/plateforme-canoe.com\/en\/wp-json\/wp\/v2\/pages\/11"}],"collection":[{"href":"https:\/\/plateforme-canoe.com\/en\/wp-json\/wp\/v2\/pages"}],"about":[{"href":"https:\/\/plateforme-canoe.com\/en\/wp-json\/wp\/v2\/types\/page"}],"author":[{"embeddable":true,"href":"https:\/\/plateforme-canoe.com\/en\/wp-json\/wp\/v2\/users\/1"}],"replies":[{"embeddable":true,"href":"https:\/\/plateforme-canoe.com\/en\/wp-json\/wp\/v2\/comments?post=11"}],"version-history":[{"count":15,"href":"https:\/\/plateforme-canoe.com\/en\/wp-json\/wp\/v2\/pages\/11\/revisions"}],"predecessor-version":[{"id":2108,"href":"https:\/\/plateforme-canoe.com\/en\/wp-json\/wp\/v2\/pages\/11\/revisions\/2108"}],"wp:attachment":[{"href":"https:\/\/plateforme-canoe.com\/en\/wp-json\/wp\/v2\/media?parent=11"}],"curies":[{"name":"wp","href":"https:\/\/api.w.org\/{rel}","templated":true}]}}