{"id":15,"date":"2016-11-21T14:53:57","date_gmt":"2016-11-21T13:53:57","guid":{"rendered":"http:\/\/localhost:8888\/canoe\/?page_id=15"},"modified":"2023-04-25T10:48:15","modified_gmt":"2023-04-25T09:48:15","slug":"contact-us","status":"publish","type":"page","link":"https:\/\/plateforme-canoe.com\/en\/contact-us\/","title":{"rendered":"Contact us"},"content":{"rendered":"\n<div class=\"wpcf7 no-js\" id=\"wpcf7-f5-o1\" lang=\"fr-FR\" dir=\"ltr\">\n<div class=\"screen-reader-response\"><p role=\"status\" aria-live=\"polite\" aria-atomic=\"true\"><\/p> <ul><\/ul><\/div>\n<form action=\"\/en\/wp-json\/wp\/v2\/pages\/15#wpcf7-f5-o1\" method=\"post\" class=\"wpcf7-form init\" aria-label=\"Formulaire de contact\" novalidate=\"novalidate\" data-status=\"init\">\n<div style=\"display: none;\">\n<input type=\"hidden\" name=\"_wpcf7\" value=\"5\" \/>\n<input type=\"hidden\" name=\"_wpcf7_version\" value=\"5.9.8\" \/>\n<input type=\"hidden\" name=\"_wpcf7_locale\" value=\"fr_FR\" \/>\n<input type=\"hidden\" name=\"_wpcf7_unit_tag\" value=\"wpcf7-f5-o1\" \/>\n<input type=\"hidden\" name=\"_wpcf7_container_post\" value=\"0\" \/>\n<input type=\"hidden\" name=\"_wpcf7_posted_data_hash\" value=\"\" \/>\n<\/div>\n<div>\n\t<p><span class=\"wpcf7-form-control-wrap\" data-name=\"your-subject\"><input size=\"40\" maxlength=\"400\" class=\"wpcf7-form-control wpcf7-text wpcf7-validates-as-required form_sujet\" aria-required=\"true\" aria-invalid=\"false\" placeholder=\"Subject\" value=\"\" type=\"text\" name=\"your-subject\" \/><\/span>\n\t<\/p>\n<\/div>\n<div>\n\t<p><span class=\"wpcf7-form-control-wrap\" data-name=\"menu-611\"><select class=\"wpcf7-form-control wpcf7-select form_requette_sol\" aria-invalid=\"false\" name=\"menu-611\"><option value=\"Contact our R&amp;D services \u2193\">Contact our R&amp;D services \u2193<\/option><option value=\"Thermoplastic and elastomer formulations\">Thermoplastic and elastomer formulations<\/option><option value=\"Fibers and carbon\">Fibers and carbon<\/option><option value=\"Thermoplastic prepregs and composites\">Thermoplastic prepregs and composites<\/option><option value=\"Additive manufacturing\">Additive manufacturing<\/option><option value=\"Surface treatment by printing\">Surface treatment by printing<\/option><option value=\"Materials testing and NDT\">Materials testing and NDT<\/option><\/select><\/span>\n\t<\/p>\n<\/div>\n<div>\n\t<p><span class=\"wpcf7-form-control-wrap\" data-name=\"menu-610\"><select class=\"wpcf7-form-control wpcf7-select form_requette\" aria-invalid=\"false\" name=\"menu-610\"><option value=\"Contact the head office \u2193\">Contact the head office \u2193<\/option><option value=\"Press\">Press<\/option><option value=\"Applicants\">Applicants<\/option><option value=\"Other\">Other<\/option><\/select><\/span>\n\t<\/p>\n<\/div>\n<div>\n\t<p><span class=\"wpcf7-form-control-wrap\" data-name=\"your-name\"><input size=\"40\" maxlength=\"400\" class=\"wpcf7-form-control wpcf7-text wpcf7-validates-as-required form_nom\" aria-required=\"true\" aria-invalid=\"false\" placeholder=\"Last name\" value=\"\" type=\"text\" name=\"your-name\" \/><\/span>\n\t<\/p>\n<\/div>\n<div>\n\t<p><span class=\"wpcf7-form-control-wrap\" data-name=\"your-firstname\"><input size=\"40\" maxlength=\"400\" class=\"wpcf7-form-control wpcf7-text wpcf7-validates-as-required form_prenom\" aria-required=\"true\" aria-invalid=\"false\" placeholder=\"First name\" value=\"\" type=\"text\" name=\"your-firstname\" \/><\/span>\n\t<\/p>\n<\/div>\n<div>\n\t<p><span class=\"wpcf7-form-control-wrap\" data-name=\"your-email\"><input size=\"40\" maxlength=\"400\" class=\"wpcf7-form-control wpcf7-email wpcf7-validates-as-required wpcf7-text wpcf7-validates-as-email form_mail\" aria-required=\"true\" aria-invalid=\"false\" placeholder=\"Email\" value=\"\" type=\"email\" name=\"your-email\" \/><\/span>\n\t<\/p>\n<\/div>\n<div>\n\t<p><span class=\"wpcf7-form-control-wrap\" data-name=\"your-message\"><textarea cols=\"40\" rows=\"10\" maxlength=\"2000\" class=\"wpcf7-form-control wpcf7-textarea wpcf7-validates-as-required form_message\" aria-required=\"true\" aria-invalid=\"false\" placeholder=\"Message\" name=\"your-message\"><\/textarea><\/span>\n\t<\/p>\n<\/div>\n<div>\n\t<p><input class=\"wpcf7-form-control wpcf7-submit has-spinner\" type=\"submit\" value=\"Send\" \/>\n\t<\/p>\n<\/div><div class=\"wpcf7-response-output\" aria-hidden=\"true\"><\/div>\n<\/form>\n<\/div>\n\n","protected":false},"excerpt":{"rendered":"","protected":false},"author":1,"featured_media":0,"parent":0,"menu_order":0,"comment_status":"closed","ping_status":"closed","template":"contact.php","meta":{"footnotes":""},"acf":[],"yoast_head":"<!-- This site is optimized with the Yoast SEO plugin v21.7 - https:\/\/yoast.com\/wordpress\/plugins\/seo\/ -->\n<title>Contact - Plateforme CANOE -<\/title>\n<meta name=\"description\" content=\"Pour travailler au plus pr\u00e8s des fili\u00e8res industrielles locales, la plateforme CANOE a adopt\u00e9 une approche multi-site en Nouvelle Aquitaine. Nous sommes pr\u00e9sents \u00e0 Pessac, Lacq et Pau\" \/>\n<meta name=\"robots\" content=\"index, follow, max-snippet:-1, max-image-preview:large, max-video-preview:-1\" \/>\n<link rel=\"canonical\" href=\"https:\/\/plateforme-canoe.com\/en\/contact-us\/\" \/>\n<meta property=\"og:locale\" content=\"fr_FR\" \/>\n<meta property=\"og:type\" content=\"article\" \/>\n<meta property=\"og:title\" content=\"Contact - Plateforme CANOE -\" \/>\n<meta property=\"og:description\" content=\"Pour travailler au plus pr\u00e8s des fili\u00e8res industrielles locales, la plateforme CANOE a adopt\u00e9 une approche multi-site en Nouvelle Aquitaine. Nous sommes pr\u00e9sents \u00e0 Pessac, Lacq et Pau\" \/>\n<meta property=\"og:url\" content=\"https:\/\/plateforme-canoe.com\/en\/contact-us\/\" \/>\n<meta property=\"og:site_name\" content=\"Plateforme Canoe EN\" \/>\n<meta property=\"article:modified_time\" content=\"2023-04-25T09:48:15+00:00\" \/>\n<meta name=\"twitter:card\" content=\"summary_large_image\" \/>\n<script type=\"application\/ld+json\" class=\"yoast-schema-graph\">{\"@context\":\"https:\/\/schema.org\",\"@graph\":[{\"@type\":\"WebPage\",\"@id\":\"https:\/\/plateforme-canoe.com\/en\/contact-us\/\",\"url\":\"https:\/\/plateforme-canoe.com\/en\/contact-us\/\",\"name\":\"Contact - Plateforme CANOE -\",\"isPartOf\":{\"@id\":\"https:\/\/plateforme-canoe.com\/en\/#website\"},\"datePublished\":\"2016-11-21T13:53:57+00:00\",\"dateModified\":\"2023-04-25T09:48:15+00:00\",\"description\":\"Pour travailler au plus pr\u00e8s des fili\u00e8res industrielles locales, la plateforme CANOE a adopt\u00e9 une approche multi-site en Nouvelle Aquitaine. Nous sommes pr\u00e9sents \u00e0 Pessac, Lacq et Pau\",\"breadcrumb\":{\"@id\":\"https:\/\/plateforme-canoe.com\/en\/contact-us\/#breadcrumb\"},\"inLanguage\":\"fr-FR\",\"potentialAction\":[{\"@type\":\"ReadAction\",\"target\":[\"https:\/\/plateforme-canoe.com\/en\/contact-us\/\"]}]},{\"@type\":\"BreadcrumbList\",\"@id\":\"https:\/\/plateforme-canoe.com\/en\/contact-us\/#breadcrumb\",\"itemListElement\":[{\"@type\":\"ListItem\",\"position\":1,\"name\":\"Accueil\",\"item\":\"https:\/\/plateforme-canoe.com\/en\/\"},{\"@type\":\"ListItem\",\"position\":2,\"name\":\"Contact us\"}]},{\"@type\":\"WebSite\",\"@id\":\"https:\/\/plateforme-canoe.com\/en\/#website\",\"url\":\"https:\/\/plateforme-canoe.com\/en\/\",\"name\":\"Plateforme Canoe EN\",\"description\":\"Centre R&amp;D Composites &amp; Mat\u00e9riaux Avanc\u00e9s\",\"potentialAction\":[{\"@type\":\"SearchAction\",\"target\":{\"@type\":\"EntryPoint\",\"urlTemplate\":\"https:\/\/plateforme-canoe.com\/en\/?s={search_term_string}\"},\"query-input\":\"required name=search_term_string\"}],\"inLanguage\":\"fr-FR\"}]}<\/script>\n<!-- \/ Yoast SEO plugin. -->","yoast_head_json":{"title":"Contact - Plateforme CANOE -","description":"Pour travailler au plus pr\u00e8s des fili\u00e8res industrielles locales, la plateforme CANOE a adopt\u00e9 une approche multi-site en Nouvelle Aquitaine. Nous sommes pr\u00e9sents \u00e0 Pessac, Lacq et Pau","robots":{"index":"index","follow":"follow","max-snippet":"max-snippet:-1","max-image-preview":"max-image-preview:large","max-video-preview":"max-video-preview:-1"},"canonical":"https:\/\/plateforme-canoe.com\/en\/contact-us\/","og_locale":"fr_FR","og_type":"article","og_title":"Contact - Plateforme CANOE -","og_description":"Pour travailler au plus pr\u00e8s des fili\u00e8res industrielles locales, la plateforme CANOE a adopt\u00e9 une approche multi-site en Nouvelle Aquitaine. Nous sommes pr\u00e9sents \u00e0 Pessac, Lacq et Pau","og_url":"https:\/\/plateforme-canoe.com\/en\/contact-us\/","og_site_name":"Plateforme Canoe EN","article_modified_time":"2023-04-25T09:48:15+00:00","twitter_card":"summary_large_image","schema":{"@context":"https:\/\/schema.org","@graph":[{"@type":"WebPage","@id":"https:\/\/plateforme-canoe.com\/en\/contact-us\/","url":"https:\/\/plateforme-canoe.com\/en\/contact-us\/","name":"Contact - Plateforme CANOE -","isPartOf":{"@id":"https:\/\/plateforme-canoe.com\/en\/#website"},"datePublished":"2016-11-21T13:53:57+00:00","dateModified":"2023-04-25T09:48:15+00:00","description":"Pour travailler au plus pr\u00e8s des fili\u00e8res industrielles locales, la plateforme CANOE a adopt\u00e9 une approche multi-site en Nouvelle Aquitaine. Nous sommes pr\u00e9sents \u00e0 Pessac, Lacq et Pau","breadcrumb":{"@id":"https:\/\/plateforme-canoe.com\/en\/contact-us\/#breadcrumb"},"inLanguage":"fr-FR","potentialAction":[{"@type":"ReadAction","target":["https:\/\/plateforme-canoe.com\/en\/contact-us\/"]}]},{"@type":"BreadcrumbList","@id":"https:\/\/plateforme-canoe.com\/en\/contact-us\/#breadcrumb","itemListElement":[{"@type":"ListItem","position":1,"name":"Accueil","item":"https:\/\/plateforme-canoe.com\/en\/"},{"@type":"ListItem","position":2,"name":"Contact us"}]},{"@type":"WebSite","@id":"https:\/\/plateforme-canoe.com\/en\/#website","url":"https:\/\/plateforme-canoe.com\/en\/","name":"Plateforme Canoe EN","description":"Centre R&amp;D Composites &amp; Mat\u00e9riaux Avanc\u00e9s","potentialAction":[{"@type":"SearchAction","target":{"@type":"EntryPoint","urlTemplate":"https:\/\/plateforme-canoe.com\/en\/?s={search_term_string}"},"query-input":"required name=search_term_string"}],"inLanguage":"fr-FR"}]}},"_links":{"self":[{"href":"https:\/\/plateforme-canoe.com\/en\/wp-json\/wp\/v2\/pages\/15"}],"collection":[{"href":"https:\/\/plateforme-canoe.com\/en\/wp-json\/wp\/v2\/pages"}],"about":[{"href":"https:\/\/plateforme-canoe.com\/en\/wp-json\/wp\/v2\/types\/page"}],"author":[{"embeddable":true,"href":"https:\/\/plateforme-canoe.com\/en\/wp-json\/wp\/v2\/users\/1"}],"replies":[{"embeddable":true,"href":"https:\/\/plateforme-canoe.com\/en\/wp-json\/wp\/v2\/comments?post=15"}],"version-history":[{"count":19,"href":"https:\/\/plateforme-canoe.com\/en\/wp-json\/wp\/v2\/pages\/15\/revisions"}],"predecessor-version":[{"id":2495,"href":"https:\/\/plateforme-canoe.com\/en\/wp-json\/wp\/v2\/pages\/15\/revisions\/2495"}],"wp:attachment":[{"href":"https:\/\/plateforme-canoe.com\/en\/wp-json\/wp\/v2\/media?parent=15"}],"curies":[{"name":"wp","href":"https:\/\/api.w.org\/{rel}","templated":true}]}}